{"id":7913,"date":"2024-03-26T16:27:46","date_gmt":"2024-03-26T14:27:46","guid":{"rendered":"https:\/\/hansa-flex.hr\/?page_id=7913"},"modified":"2024-03-26T16:27:47","modified_gmt":"2024-03-26T14:27:47","slug":"bewerbungstipps","status":"publish","type":"page","link":"https:\/\/hansa-flex.hr\/de\/karriere\/ausbildung-und-duales-studium\/bewerbungstipps\/","title":{"rendered":"Bewerbungstipps"},"content":{"rendered":"\n<p>Wie bewerbe ich mich bei HANSA\u2011FLEX und wie geht es nach der Bewerbung weiter? Was erwartet mich beim Vorstellungsgespr\u00e4ch oder w\u00e4hrend des Onboardings? Wir geben Dir wertvolle Tipps und Tricks f\u00fcr Deine Bewerbung.<\/p>\n","protected":false},"excerpt":{"rendered":"<p>Wie bewerbe ich mich bei HANSA\u2011FLEX und wie geht es nach der Bewerbung weiter? Was erwartet mich beim Vorstellungsgespr\u00e4ch oder w\u00e4hrend des Onboardings? Wir geben Dir wertvolle Tipps und Tricks f\u00fcr Deine Bewerbung.<\/p>\n","protected":false},"author":3,"featured_media":7914,"parent":7866,"menu_order":0,"comment_status":"closed","ping_status":"closed","template":"","meta":{"_acf_changed":false,"footnotes":""},"class_list":["post-7913","page","type-page","status-publish","has-post-thumbnail","hentry"],"acf":[],"_links":{"self":[{"href":"https:\/\/hansa-flex.hr\/de\/wp-json\/wp\/v2\/pages\/7913","targetHints":{"allow":["GET"]}}],"collection":[{"href":"https:\/\/hansa-flex.hr\/de\/wp-json\/wp\/v2\/pages"}],"about":[{"href":"https:\/\/hansa-flex.hr\/de\/wp-json\/wp\/v2\/types\/page"}],"author":[{"embeddable":true,"href":"https:\/\/hansa-flex.hr\/de\/wp-json\/wp\/v2\/users\/3"}],"replies":[{"embeddable":true,"href":"https:\/\/hansa-flex.hr\/de\/wp-json\/wp\/v2\/comments?post=7913"}],"version-history":[{"count":0,"href":"https:\/\/hansa-flex.hr\/de\/wp-json\/wp\/v2\/pages\/7913\/revisions"}],"up":[{"embeddable":true,"href":"https:\/\/hansa-flex.hr\/de\/wp-json\/wp\/v2\/pages\/7866"}],"wp:featuredmedia":[{"embeddable":true,"href":"https:\/\/hansa-flex.hr\/de\/wp-json\/wp\/v2\/media\/7914"}],"wp:attachment":[{"href":"https:\/\/hansa-flex.hr\/de\/wp-json\/wp\/v2\/media?parent=7913"}],"curies":[{"name":"wp","href":"https:\/\/api.w.org\/{rel}","templated":true}]}}