{"id":7866,"date":"2024-03-26T15:25:23","date_gmt":"2024-03-26T13:25:23","guid":{"rendered":"https:\/\/hansa-flex.hr\/?page_id=7866"},"modified":"2024-03-27T12:20:22","modified_gmt":"2024-03-27T10:20:22","slug":"ausbildung-und-duales-studium","status":"publish","type":"page","link":"https:\/\/hansa-flex.hr\/de\/karriere\/ausbildung-und-duales-studium\/","title":{"rendered":"Ausbildung und duales Studium"},"content":{"rendered":"\n<p>In unserer HANSA\u2011FLEX Familie kommen Organisationstalente, Technikliebende, T\u00fcftler<em>innen und Abenteuerlustige zusammen. Du interessierst Dich f\u00fcr technische Innovationen und m\u00f6chtest Dich daf\u00fcr einsetzen, das Arbeitsumfeld Deiner Kolleg<\/em>innen zu modernisieren? Oder geh\u00f6rst Du zu den Bastler*innen, die gern schrauben, fr\u00e4sen und reparieren?<br>Ob Du Dich f\u00fcr eine Ausbildung oder f\u00fcr das duale Studium interessierst: Wir ebnen Deinen Weg ins Berufsleben!<\/p>\n","protected":false},"excerpt":{"rendered":"<p>In unserer HANSA\u2011FLEX Familie kommen Organisationstalente, Technikliebende, T\u00fcftlerinnen und Abenteuerlustige zusammen. Du interessierst Dich f\u00fcr technische Innovationen und m\u00f6chtest Dich daf\u00fcr einsetzen, das Arbeitsumfeld Deiner Kolleginnen zu modernisieren? Oder geh\u00f6rst Du zu den Bastler*innen, die gern schrauben, fr\u00e4sen und reparieren?Ob Du Dich f\u00fcr eine Ausbildung oder f\u00fcr das duale Studium interessierst: Wir ebnen Deinen Weg [&hellip;]<\/p>\n","protected":false},"author":3,"featured_media":7867,"parent":5850,"menu_order":0,"comment_status":"closed","ping_status":"closed","template":"","meta":{"_acf_changed":false,"footnotes":""},"class_list":["post-7866","page","type-page","status-publish","has-post-thumbnail","hentry"],"acf":[],"_links":{"self":[{"href":"https:\/\/hansa-flex.hr\/de\/wp-json\/wp\/v2\/pages\/7866","targetHints":{"allow":["GET"]}}],"collection":[{"href":"https:\/\/hansa-flex.hr\/de\/wp-json\/wp\/v2\/pages"}],"about":[{"href":"https:\/\/hansa-flex.hr\/de\/wp-json\/wp\/v2\/types\/page"}],"author":[{"embeddable":true,"href":"https:\/\/hansa-flex.hr\/de\/wp-json\/wp\/v2\/users\/3"}],"replies":[{"embeddable":true,"href":"https:\/\/hansa-flex.hr\/de\/wp-json\/wp\/v2\/comments?post=7866"}],"version-history":[{"count":0,"href":"https:\/\/hansa-flex.hr\/de\/wp-json\/wp\/v2\/pages\/7866\/revisions"}],"up":[{"embeddable":true,"href":"https:\/\/hansa-flex.hr\/de\/wp-json\/wp\/v2\/pages\/5850"}],"wp:featuredmedia":[{"embeddable":true,"href":"https:\/\/hansa-flex.hr\/de\/wp-json\/wp\/v2\/media\/7867"}],"wp:attachment":[{"href":"https:\/\/hansa-flex.hr\/de\/wp-json\/wp\/v2\/media?parent=7866"}],"curies":[{"name":"wp","href":"https:\/\/api.w.org\/{rel}","templated":true}]}}