{"id":7782,"date":"2024-03-26T11:47:53","date_gmt":"2024-03-26T09:47:53","guid":{"rendered":"https:\/\/hansa-flex.hr\/?page_id=7782"},"modified":"2024-04-10T13:54:59","modified_gmt":"2024-04-10T10:54:59","slug":"arbeitsbereiche-entdecken","status":"publish","type":"page","link":"https:\/\/hansa-flex.hr\/de\/karriere\/arbeitsbereiche-entdecken\/","title":{"rendered":"Arbeitsbereiche entdecken"},"content":{"rendered":"\n<p>Damit alles wie geschmiert l\u00e4uft, unsere Maschinen einwandfrei funktionieren und unsere Kund*innen begeistert sind, geben wir unser Bestes und sind in verschiedenen Arbeitsbereichen aktiv. Sie sind flexibel, gern unterwegs und suchen immer neue Herausforderungen? Oder behalten Sie lieber alles im Blick und koordinieren s\u00e4mtliche Abl\u00e4ufe? Ob Sie sich f\u00fcr Technik, Hydraulik, Marketing oder Verwaltung interessieren: Bei uns finden Sie Ihren Platz.<\/p>\n","protected":false},"excerpt":{"rendered":"<p>Damit alles wie geschmiert l\u00e4uft, unsere Maschinen einwandfrei funktionieren und unsere Kund*innen begeistert sind, geben wir unser Bestes und sind in verschiedenen Arbeitsbereichen aktiv. Sie sind flexibel, gern unterwegs und suchen immer neue Herausforderungen? Oder behalten Sie lieber alles im Blick und koordinieren s\u00e4mtliche Abl\u00e4ufe? Ob Sie sich f\u00fcr Technik, Hydraulik, Marketing oder Verwaltung interessieren: [&hellip;]<\/p>\n","protected":false},"author":3,"featured_media":7783,"parent":5850,"menu_order":0,"comment_status":"closed","ping_status":"closed","template":"","meta":{"_acf_changed":false,"footnotes":""},"class_list":["post-7782","page","type-page","status-publish","has-post-thumbnail","hentry"],"acf":[],"_links":{"self":[{"href":"https:\/\/hansa-flex.hr\/de\/wp-json\/wp\/v2\/pages\/7782","targetHints":{"allow":["GET"]}}],"collection":[{"href":"https:\/\/hansa-flex.hr\/de\/wp-json\/wp\/v2\/pages"}],"about":[{"href":"https:\/\/hansa-flex.hr\/de\/wp-json\/wp\/v2\/types\/page"}],"author":[{"embeddable":true,"href":"https:\/\/hansa-flex.hr\/de\/wp-json\/wp\/v2\/users\/3"}],"replies":[{"embeddable":true,"href":"https:\/\/hansa-flex.hr\/de\/wp-json\/wp\/v2\/comments?post=7782"}],"version-history":[{"count":0,"href":"https:\/\/hansa-flex.hr\/de\/wp-json\/wp\/v2\/pages\/7782\/revisions"}],"up":[{"embeddable":true,"href":"https:\/\/hansa-flex.hr\/de\/wp-json\/wp\/v2\/pages\/5850"}],"wp:featuredmedia":[{"embeddable":true,"href":"https:\/\/hansa-flex.hr\/de\/wp-json\/wp\/v2\/media\/7783"}],"wp:attachment":[{"href":"https:\/\/hansa-flex.hr\/de\/wp-json\/wp\/v2\/media?parent=7782"}],"curies":[{"name":"wp","href":"https:\/\/api.w.org\/{rel}","templated":true}]}}