{"id":7293,"date":"2024-03-22T17:15:04","date_gmt":"2024-03-22T15:15:04","guid":{"rendered":"https:\/\/hansa-flex.hr\/?page_id=7293"},"modified":"2024-04-12T15:18:52","modified_gmt":"2024-04-12T13:18:52","slug":"anlagenprojektierung","status":"publish","type":"page","link":"https:\/\/hansa-flex.hr\/de\/services\/montage-und-installation\/anlagenprojektierung\/","title":{"rendered":"Anlagenprojektierung"},"content":{"rendered":"\n<p>Die Planung und der Aufbau hydraulischer Anlagen erfordert spezifisches Fachwissen. Zudem ver\u00e4ndern sich die einschl\u00e4gigen Normen und Vorschriften wie die DGUV. F\u00fcr Unternehmen ist es daher eine gro\u00dfe Herausforderung, eine Hydraulikanlage zu konstruieren, die technisch und rechtlich auf aktuellem Stand ist.<\/p>\n","protected":false},"excerpt":{"rendered":"<p>Die Planung und der Aufbau hydraulischer Anlagen erfordert spezifisches Fachwissen. Zudem ver\u00e4ndern sich die einschl\u00e4gigen Normen und Vorschriften wie die DGUV. F\u00fcr Unternehmen ist es daher eine gro\u00dfe Herausforderung, eine Hydraulikanlage zu konstruieren, die technisch und rechtlich auf aktuellem Stand ist.<\/p>\n","protected":false},"author":3,"featured_media":7294,"parent":7279,"menu_order":0,"comment_status":"closed","ping_status":"closed","template":"","meta":{"_acf_changed":true,"footnotes":""},"class_list":["post-7293","page","type-page","status-publish","has-post-thumbnail","hentry"],"acf":[],"_links":{"self":[{"href":"https:\/\/hansa-flex.hr\/de\/wp-json\/wp\/v2\/pages\/7293","targetHints":{"allow":["GET"]}}],"collection":[{"href":"https:\/\/hansa-flex.hr\/de\/wp-json\/wp\/v2\/pages"}],"about":[{"href":"https:\/\/hansa-flex.hr\/de\/wp-json\/wp\/v2\/types\/page"}],"author":[{"embeddable":true,"href":"https:\/\/hansa-flex.hr\/de\/wp-json\/wp\/v2\/users\/3"}],"replies":[{"embeddable":true,"href":"https:\/\/hansa-flex.hr\/de\/wp-json\/wp\/v2\/comments?post=7293"}],"version-history":[{"count":0,"href":"https:\/\/hansa-flex.hr\/de\/wp-json\/wp\/v2\/pages\/7293\/revisions"}],"up":[{"embeddable":true,"href":"https:\/\/hansa-flex.hr\/de\/wp-json\/wp\/v2\/pages\/7279"}],"wp:featuredmedia":[{"embeddable":true,"href":"https:\/\/hansa-flex.hr\/de\/wp-json\/wp\/v2\/media\/7294"}],"wp:attachment":[{"href":"https:\/\/hansa-flex.hr\/de\/wp-json\/wp\/v2\/media?parent=7293"}],"curies":[{"name":"wp","href":"https:\/\/api.w.org\/{rel}","templated":true}]}}