{"id":7142,"date":"2024-03-21T17:29:08","date_gmt":"2024-03-21T15:29:08","guid":{"rendered":"https:\/\/hansa-flex.hr\/?page_id=7142"},"modified":"2024-04-17T19:07:13","modified_gmt":"2024-04-17T17:07:13","slug":"technische-informationen","status":"publish","type":"page","link":"https:\/\/hansa-flex.hr\/de\/produkte\/technische-informationen\/","title":{"rendered":"Technische Informationen"},"content":{"rendered":"\n<p>HANSA\u2011FLEX bietet seinen Kunden eine Reihe von technischen Informationen, die sowohl in der Theorie wie auch in der Praxis eine hohe Relevanz besitzen und beachtet werden sollten. In unserer Brosch\u00fcre &#8220;Gut zu Wissen&#8221; bieten wir zum Beispiel einen kurzen \u00dcberblick \u00fcber die wichtigsten Konstruktionselemente der Hydraulik.<\/p>\n","protected":false},"excerpt":{"rendered":"<p>HANSA\u2011FLEX bietet seinen Kunden eine Reihe von technischen Informationen, die sowohl in der Theorie wie auch in der Praxis eine hohe Relevanz besitzen und beachtet werden sollten. In unserer Brosch\u00fcre &#8220;Gut zu Wissen&#8221; bieten wir zum Beispiel einen kurzen \u00dcberblick \u00fcber die wichtigsten Konstruktionselemente der Hydraulik.<\/p>\n","protected":false},"author":3,"featured_media":6185,"parent":5842,"menu_order":0,"comment_status":"closed","ping_status":"closed","template":"","meta":{"_acf_changed":true,"footnotes":""},"class_list":["post-7142","page","type-page","status-publish","has-post-thumbnail","hentry"],"acf":[],"_links":{"self":[{"href":"https:\/\/hansa-flex.hr\/de\/wp-json\/wp\/v2\/pages\/7142","targetHints":{"allow":["GET"]}}],"collection":[{"href":"https:\/\/hansa-flex.hr\/de\/wp-json\/wp\/v2\/pages"}],"about":[{"href":"https:\/\/hansa-flex.hr\/de\/wp-json\/wp\/v2\/types\/page"}],"author":[{"embeddable":true,"href":"https:\/\/hansa-flex.hr\/de\/wp-json\/wp\/v2\/users\/3"}],"replies":[{"embeddable":true,"href":"https:\/\/hansa-flex.hr\/de\/wp-json\/wp\/v2\/comments?post=7142"}],"version-history":[{"count":0,"href":"https:\/\/hansa-flex.hr\/de\/wp-json\/wp\/v2\/pages\/7142\/revisions"}],"up":[{"embeddable":true,"href":"https:\/\/hansa-flex.hr\/de\/wp-json\/wp\/v2\/pages\/5842"}],"wp:featuredmedia":[{"embeddable":true,"href":"https:\/\/hansa-flex.hr\/de\/wp-json\/wp\/v2\/media\/6185"}],"wp:attachment":[{"href":"https:\/\/hansa-flex.hr\/de\/wp-json\/wp\/v2\/media?parent=7142"}],"curies":[{"name":"wp","href":"https:\/\/api.w.org\/{rel}","templated":true}]}}