{"id":6800,"date":"2024-03-18T14:40:11","date_gmt":"2024-03-18T12:40:11","guid":{"rendered":"https:\/\/hansa-flex.hr\/?page_id=6800"},"modified":"2024-04-11T15:59:05","modified_gmt":"2024-04-11T12:59:05","slug":"hydraulikschlaeuche","status":"publish","type":"page","link":"https:\/\/hansa-flex.hr\/de\/produkte\/schlaeuche-und-schlauchleitungen\/hydraulikschlaeuche\/","title":{"rendered":"Hydraulikschl\u00e4uche"},"content":{"rendered":"\n<p>Hydraulikschl\u00e4uche leiten das Fluid sicher durch das System und ben\u00f6tigen aufgrund ihrer Flexibilit\u00e4t nur wenig Bauraum. Das HANSA\u2011FLEX Portfolio umfasst Schl\u00e4uche aus Elastomer und Thermoplast mit Drucktr\u00e4gern aus Textil- oder Stahlgeflecht oder mehreren \u00fcberlappenden Spiraleinlagen aus Stahldraht.<\/p>\n","protected":false},"excerpt":{"rendered":"<p>Hydraulikschl\u00e4uche leiten das Fluid sicher durch das System und ben\u00f6tigen aufgrund ihrer Flexibilit\u00e4t nur wenig Bauraum. Das HANSA\u2011FLEX Portfolio umfasst Schl\u00e4uche aus Elastomer und Thermoplast mit Drucktr\u00e4gern aus Textil- oder Stahlgeflecht oder mehreren \u00fcberlappenden Spiraleinlagen aus Stahldraht.<\/p>\n","protected":false},"author":3,"featured_media":5871,"parent":6730,"menu_order":0,"comment_status":"closed","ping_status":"closed","template":"","meta":{"_acf_changed":false,"footnotes":""},"class_list":["post-6800","page","type-page","status-publish","has-post-thumbnail","hentry"],"acf":[],"_links":{"self":[{"href":"https:\/\/hansa-flex.hr\/de\/wp-json\/wp\/v2\/pages\/6800","targetHints":{"allow":["GET"]}}],"collection":[{"href":"https:\/\/hansa-flex.hr\/de\/wp-json\/wp\/v2\/pages"}],"about":[{"href":"https:\/\/hansa-flex.hr\/de\/wp-json\/wp\/v2\/types\/page"}],"author":[{"embeddable":true,"href":"https:\/\/hansa-flex.hr\/de\/wp-json\/wp\/v2\/users\/3"}],"replies":[{"embeddable":true,"href":"https:\/\/hansa-flex.hr\/de\/wp-json\/wp\/v2\/comments?post=6800"}],"version-history":[{"count":0,"href":"https:\/\/hansa-flex.hr\/de\/wp-json\/wp\/v2\/pages\/6800\/revisions"}],"up":[{"embeddable":true,"href":"https:\/\/hansa-flex.hr\/de\/wp-json\/wp\/v2\/pages\/6730"}],"wp:featuredmedia":[{"embeddable":true,"href":"https:\/\/hansa-flex.hr\/de\/wp-json\/wp\/v2\/media\/5871"}],"wp:attachment":[{"href":"https:\/\/hansa-flex.hr\/de\/wp-json\/wp\/v2\/media?parent=6800"}],"curies":[{"name":"wp","href":"https:\/\/api.w.org\/{rel}","templated":true}]}}