{"id":5590,"date":"2024-03-10T20:56:57","date_gmt":"2024-03-10T18:56:57","guid":{"rendered":"https:\/\/hansa-flex.hr\/?page_id=5590"},"modified":"2024-06-27T18:52:30","modified_gmt":"2024-06-27T16:52:30","slug":"zertifikate","status":"publish","type":"page","link":"https:\/\/hansa-flex.hr\/de\/company\/zertifikate\/","title":{"rendered":"Zertifikate"},"content":{"rendered":"\n<p>Als bevorzugter nationaler und internationaler Hydraulik-Partner bedeutender Unternehmen und \u00f6ffentlicher Auftraggeber besitzt die HANSA\u2011FLEX AG die wesentlichen Zertifizierungen der ISO. Unsere Zertifikate nach EN ISO 9001:2015 Qualit\u00e4tsmanagement, DIN EN ISO 14001:2015 Umweltmanagement und DIN ISO 45001:2018 Arbeitsschutzmanagement werden regelm\u00e4\u00dfig aktualisiert.<\/p>\n","protected":false},"excerpt":{"rendered":"<p>Als bevorzugter nationaler und internationaler Hydraulik-Partner bedeutender Unternehmen und \u00f6ffentlicher Auftraggeber besitzt die HANSA\u2011FLEX AG die wesentlichen Zertifizierungen der ISO. Unsere Zertifikate nach EN ISO 9001:2015 Qualit\u00e4tsmanagement, DIN EN ISO 14001:2015 Umweltmanagement und DIN ISO 45001:2018 Arbeitsschutzmanagement werden regelm\u00e4\u00dfig aktualisiert.<\/p>\n","protected":false},"author":1,"featured_media":5455,"parent":22308,"menu_order":0,"comment_status":"closed","ping_status":"closed","template":"","meta":{"_acf_changed":true,"footnotes":""},"class_list":["post-5590","page","type-page","status-publish","has-post-thumbnail","hentry"],"acf":[],"_links":{"self":[{"href":"https:\/\/hansa-flex.hr\/de\/wp-json\/wp\/v2\/pages\/5590","targetHints":{"allow":["GET"]}}],"collection":[{"href":"https:\/\/hansa-flex.hr\/de\/wp-json\/wp\/v2\/pages"}],"about":[{"href":"https:\/\/hansa-flex.hr\/de\/wp-json\/wp\/v2\/types\/page"}],"author":[{"embeddable":true,"href":"https:\/\/hansa-flex.hr\/de\/wp-json\/wp\/v2\/users\/1"}],"replies":[{"embeddable":true,"href":"https:\/\/hansa-flex.hr\/de\/wp-json\/wp\/v2\/comments?post=5590"}],"version-history":[{"count":0,"href":"https:\/\/hansa-flex.hr\/de\/wp-json\/wp\/v2\/pages\/5590\/revisions"}],"up":[{"embeddable":true,"href":"https:\/\/hansa-flex.hr\/de\/wp-json\/wp\/v2\/pages\/22308"}],"wp:featuredmedia":[{"embeddable":true,"href":"https:\/\/hansa-flex.hr\/de\/wp-json\/wp\/v2\/media\/5455"}],"wp:attachment":[{"href":"https:\/\/hansa-flex.hr\/de\/wp-json\/wp\/v2\/media?parent=5590"}],"curies":[{"name":"wp","href":"https:\/\/api.w.org\/{rel}","templated":true}]}}