{"id":5580,"date":"2024-03-10T20:33:17","date_gmt":"2024-03-10T18:33:17","guid":{"rendered":"https:\/\/hansa-flex.hr\/?page_id=5580"},"modified":"2024-05-19T23:57:35","modified_gmt":"2024-05-19T21:57:35","slug":"metall-kunststoff-glas-und-papier","status":"publish","type":"page","link":"https:\/\/hansa-flex.hr\/de\/company\/referenzen\/metall-kunststoff-glas-und-papier\/","title":{"rendered":"Metall, Kunststoff, Glas und Papier"},"content":{"rendered":"\n<p>In der Metall-, Kunststoff-, Glas- und Papierindustrie bedingen hohe Dr\u00fccke und enge Taktzeiten einen hohen Verschlei\u00df der Hydraulikkomponenten. Mit einem bew\u00e4hrten Schlauchmanagementsystem und Manpower bei der Wartung sowie Instandhaltung sorgt\u00a0HANSA\u2011FLEX\u00a0f\u00fcr kurze Stillstandzeiten und damit eine hohe Anlageneffizienz. Finden Sie heraus, wie\u00a0HANSA\u2011FLEX\u00a0als One-Stop-Partner Kunden bei Betrieb, Optimierung und Umbau von Anlagen unterst\u00fctzt.<\/p>\n","protected":false},"excerpt":{"rendered":"<p>In der Metall-, Kunststoff-, Glas- und Papierindustrie bedingen hohe Dr\u00fccke und enge Taktzeiten einen hohen Verschlei\u00df der Hydraulikkomponenten. Mit einem bew\u00e4hrten Schlauchmanagementsystem und Manpower bei der Wartung sowie Instandhaltung sorgt\u00a0HANSA\u2011FLEX\u00a0f\u00fcr kurze Stillstandzeiten und damit eine hohe Anlageneffizienz. Finden Sie heraus, wie\u00a0HANSA\u2011FLEX\u00a0als One-Stop-Partner Kunden bei Betrieb, Optimierung und Umbau von Anlagen unterst\u00fctzt.<\/p>\n","protected":false},"author":1,"featured_media":5352,"parent":5559,"menu_order":1,"comment_status":"closed","ping_status":"closed","template":"","meta":{"_acf_changed":true,"footnotes":""},"class_list":["post-5580","page","type-page","status-publish","has-post-thumbnail","hentry"],"acf":[],"_links":{"self":[{"href":"https:\/\/hansa-flex.hr\/de\/wp-json\/wp\/v2\/pages\/5580","targetHints":{"allow":["GET"]}}],"collection":[{"href":"https:\/\/hansa-flex.hr\/de\/wp-json\/wp\/v2\/pages"}],"about":[{"href":"https:\/\/hansa-flex.hr\/de\/wp-json\/wp\/v2\/types\/page"}],"author":[{"embeddable":true,"href":"https:\/\/hansa-flex.hr\/de\/wp-json\/wp\/v2\/users\/1"}],"replies":[{"embeddable":true,"href":"https:\/\/hansa-flex.hr\/de\/wp-json\/wp\/v2\/comments?post=5580"}],"version-history":[{"count":0,"href":"https:\/\/hansa-flex.hr\/de\/wp-json\/wp\/v2\/pages\/5580\/revisions"}],"up":[{"embeddable":true,"href":"https:\/\/hansa-flex.hr\/de\/wp-json\/wp\/v2\/pages\/5559"}],"wp:featuredmedia":[{"embeddable":true,"href":"https:\/\/hansa-flex.hr\/de\/wp-json\/wp\/v2\/media\/5352"}],"wp:attachment":[{"href":"https:\/\/hansa-flex.hr\/de\/wp-json\/wp\/v2\/media?parent=5580"}],"curies":[{"name":"wp","href":"https:\/\/api.w.org\/{rel}","templated":true}]}}