{"id":5566,"date":"2024-03-10T20:21:52","date_gmt":"2024-03-10T18:21:52","guid":{"rendered":"https:\/\/hansa-flex.hr\/?page_id=5566"},"modified":"2024-03-31T22:32:09","modified_gmt":"2024-03-31T19:32:09","slug":"energie","status":"publish","type":"page","link":"https:\/\/hansa-flex.hr\/de\/company\/referenzen\/energie\/","title":{"rendered":"Energie"},"content":{"rendered":"\n<p>Ohne Energie l\u00e4uft nichts. Denn wenn Windr\u00e4der und Kraftwerke stillstehen, k\u00f6nnen Betriebe und Haushalte nicht mit Strom versorgt werden. Lesen Sie, wie\u00a0HANSA\u2011FLEX\u00a0Unternehmen aus dem Energiesektor von der Bereitstellung von Bauteilen wie Rohrleitungen \u00fcber die Anlagenoptimierung bis hin zum schnellen Service vor Ort unterst\u00fctzt. Mit Audits und umfangreichen Tests stellt\u00a0HANSA\u2011FLEX\u00a0dabei stets eine hohe Qualit\u00e4t in der Zusammenarbeit sicher.<\/p>\n","protected":false},"excerpt":{"rendered":"<p>Ohne Energie l\u00e4uft nichts. Denn wenn Windr\u00e4der und Kraftwerke stillstehen, k\u00f6nnen Betriebe und Haushalte nicht mit Strom versorgt werden. Lesen Sie, wie\u00a0HANSA\u2011FLEX\u00a0Unternehmen aus dem Energiesektor von der Bereitstellung von Bauteilen wie Rohrleitungen \u00fcber die Anlagenoptimierung bis hin zum schnellen Service vor Ort unterst\u00fctzt. Mit Audits und umfangreichen Tests stellt\u00a0HANSA\u2011FLEX\u00a0dabei stets eine hohe Qualit\u00e4t in der [&hellip;]<\/p>\n","protected":false},"author":1,"featured_media":5232,"parent":5559,"menu_order":1,"comment_status":"closed","ping_status":"closed","template":"","meta":{"_acf_changed":false,"footnotes":""},"class_list":["post-5566","page","type-page","status-publish","has-post-thumbnail","hentry"],"acf":[],"_links":{"self":[{"href":"https:\/\/hansa-flex.hr\/de\/wp-json\/wp\/v2\/pages\/5566","targetHints":{"allow":["GET"]}}],"collection":[{"href":"https:\/\/hansa-flex.hr\/de\/wp-json\/wp\/v2\/pages"}],"about":[{"href":"https:\/\/hansa-flex.hr\/de\/wp-json\/wp\/v2\/types\/page"}],"author":[{"embeddable":true,"href":"https:\/\/hansa-flex.hr\/de\/wp-json\/wp\/v2\/users\/1"}],"replies":[{"embeddable":true,"href":"https:\/\/hansa-flex.hr\/de\/wp-json\/wp\/v2\/comments?post=5566"}],"version-history":[{"count":0,"href":"https:\/\/hansa-flex.hr\/de\/wp-json\/wp\/v2\/pages\/5566\/revisions"}],"up":[{"embeddable":true,"href":"https:\/\/hansa-flex.hr\/de\/wp-json\/wp\/v2\/pages\/5559"}],"wp:featuredmedia":[{"embeddable":true,"href":"https:\/\/hansa-flex.hr\/de\/wp-json\/wp\/v2\/media\/5232"}],"wp:attachment":[{"href":"https:\/\/hansa-flex.hr\/de\/wp-json\/wp\/v2\/media?parent=5566"}],"curies":[{"name":"wp","href":"https:\/\/api.w.org\/{rel}","templated":true}]}}