{"id":4386,"date":"2024-03-02T16:16:53","date_gmt":"2024-03-02T14:16:53","guid":{"rendered":"https:\/\/hansa-flex.hr\/?page_id=4386"},"modified":"2024-07-30T12:00:08","modified_gmt":"2024-07-30T10:00:08","slug":"homepage","status":"publish","type":"page","link":"https:\/\/hansa-flex.hr\/de\/","title":{"rendered":"Ihr Systempartner f\u00fcr Hydraulik"},"content":{"rendered":"\n<p>HANSA-FLEX \u2013 Ihr Experte f\u00fcr Hydraulik und Fluidtechnik. Entdecken Sie ma\u00dfgeschneiderte L\u00f6sungen f\u00fcr Ihre individuellen Anforderungen.<\/p>\n","protected":false},"excerpt":{"rendered":"<p>HANSA-FLEX \u2013 Ihr Experte f\u00fcr Hydraulik und Fluidtechnik. Entdecken Sie ma\u00dfgeschneiderte L\u00f6sungen f\u00fcr Ihre individuellen Anforderungen.<\/p>\n","protected":false},"author":1,"featured_media":5098,"parent":0,"menu_order":0,"comment_status":"closed","ping_status":"closed","template":"","meta":{"_acf_changed":true,"footnotes":""},"class_list":["post-4386","page","type-page","status-publish","has-post-thumbnail","hentry"],"acf":[],"_links":{"self":[{"href":"https:\/\/hansa-flex.hr\/de\/wp-json\/wp\/v2\/pages\/4386","targetHints":{"allow":["GET"]}}],"collection":[{"href":"https:\/\/hansa-flex.hr\/de\/wp-json\/wp\/v2\/pages"}],"about":[{"href":"https:\/\/hansa-flex.hr\/de\/wp-json\/wp\/v2\/types\/page"}],"author":[{"embeddable":true,"href":"https:\/\/hansa-flex.hr\/de\/wp-json\/wp\/v2\/users\/1"}],"replies":[{"embeddable":true,"href":"https:\/\/hansa-flex.hr\/de\/wp-json\/wp\/v2\/comments?post=4386"}],"version-history":[{"count":0,"href":"https:\/\/hansa-flex.hr\/de\/wp-json\/wp\/v2\/pages\/4386\/revisions"}],"wp:featuredmedia":[{"embeddable":true,"href":"https:\/\/hansa-flex.hr\/de\/wp-json\/wp\/v2\/media\/5098"}],"wp:attachment":[{"href":"https:\/\/hansa-flex.hr\/de\/wp-json\/wp\/v2\/media?parent=4386"}],"curies":[{"name":"wp","href":"https:\/\/api.w.org\/{rel}","templated":true}]}}